{"id":3280,"date":"2024-11-22T10:07:02","date_gmt":"2024-11-22T10:07:02","guid":{"rendered":"https:\/\/www.cpsc-peyo.org\/declaration-de-confidentialite-ca\/"},"modified":"2025-01-20T14:57:27","modified_gmt":"2025-01-20T14:57:27","slug":"declaration-de-confidentialite-ca","status":"publish","type":"page","link":"https:\/\/www.cpsc-peyo.org\/fr\/declaration-de-confidentialite-ca\/","title":{"rendered":"D\u00e9claration de confidentialit\u00e9 (CA)"},"content":{"rendered":"\t\t<div data-elementor-type=\"wp-page\" data-elementor-id=\"3280\" class=\"elementor elementor-3280 elementor-3204\" data-elementor-post-type=\"page\">\n\t\t\t\t<div class=\"elementor-element elementor-element-d90a65d e-con-full e-flex e-con e-parent\" data-id=\"d90a65d\" data-element_type=\"container\">\n\t\t\t\t<div class=\"elementor-element elementor-element-544985f elementor-widget elementor-widget-heading\" data-id=\"544985f\" data-element_type=\"widget\" data-widget_type=\"heading.default\">\n\t\t\t\t<div class=\"elementor-widget-container\">\n\t\t\t\t\t<h1 class=\"elementor-heading-title elementor-size-default\">D\u00e9claration de confidentialit\u00e9 (CA)<\/h1>\t\t\t\t<\/div>\n\t\t\t\t<\/div>\n\t\t\t\t<div class=\"elementor-element elementor-element-39133c0c custom-complz elementor-widget elementor-widget-shortcode\" data-id=\"39133c0c\" data-element_type=\"widget\" data-widget_type=\"shortcode.default\">\n\t\t\t\t<div class=\"elementor-widget-container\">\n\t\t\t\t\t\t\t<div class=\"elementor-shortcode\">\n<!-- Legal document generated by Complianz | GDPR\/CCPA Cookie Consent https:\/\/wordpress.org\/plugins\/complianz-gdpr -->\n<div id=\"cmplz-document\" class=\"cmplz-document privacy-statement cmplz-document-ca\"><p><i>Cette d\u00e9claration de confidentialit\u00e9 a \u00e9t\u00e9 modifi\u00e9e pour la derni\u00e8re fois le mai 15, 2025, v\u00e9rifi\u00e9e pour la derni\u00e8re fois le mai 15, 2025, et s'applique aux citoyens et aux r\u00e9sidents permanents l\u00e9gaux du Canada.<\/i><br \/><br \/><\/p><p>Dans cette d\u00e9claration de confidentialit\u00e9, nous expliquons ce que nous faisons avec les donn\u00e9es que nous obtenons \u00e0 votre sujet via <a href=\"https:\/\/www.cpsc-peyo.org\/fr\/\">https:\/\/www.cpsc-peyo.org\/fr\/<\/a>. Nous vous recommandons de lire attentivement cette d\u00e9claration. Dans notre traitement, nous respectons les exigences de la l\u00e9gislation sur la protection des donn\u00e9es. Cela signifie, entre autres, que :<ul>\n                <li>nous indiquons clairement les finalit\u00e9s pour lesquelles nous traitons les donn\u00e9es personnelles. Nous le faisons au moyen de la pr\u00e9sente d\u00e9claration de confidentialit\u00e9 ;<\/li>\n                <li>nous visons \u00e0 limiter notre collecte de donn\u00e9es personnelles aux seules donn\u00e9es personnelles requises \u00e0 des fins l\u00e9gitimes\u00a0;<\/li>\n                <li>nous demandons d\u2019abord votre consentement explicite pour traiter vos donn\u00e9es personnelles dans les cas n\u00e9cessitant votre consentement ;<\/li>\n                <li>nous prenons des mesures de s\u00e9curit\u00e9 appropri\u00e9es pour prot\u00e9ger vos donn\u00e9es personnelles et l\u2019exigeons \u00e9galement des parties qui traitent des donn\u00e9es personnelles en notre nom\u00a0;<\/li>\n                <li>nous respectons votre droit d'acc\u00e9der \u00e0 vos donn\u00e9es personnelles ou de les faire rectifier ou supprimer, \u00e0 votre demande.<\/li>\n            <\/ul><\/p>Si vous avez des questions ou souhaitez savoir exactement quelles donn\u00e9es nous conservons \u00e0 votre sujet, veuillez nous contacter.<h2>1. Finalit\u00e9 et cat\u00e9gories de donn\u00e9es<\/h2><p>Nous pouvons collecter ou recevoir des informations personnelles \u00e0 diverses fins li\u00e9es \u00e0 nos op\u00e9rations commerciales, notamment les suivantes\u00a0: (cliquez pour d\u00e9velopper)<\/b><\/p><details class=\"cmplz-dropdown dropdown-privacy-statement\"><summary><div><h3>1.1 Contact - Par t\u00e9l\u00e9phone, courrier, e-mail et\/ou formulaires Web<\/h3><\/div><\/summary><p class=\"cmplz-subtitle\">Les cat\u00e9gories de donn\u00e9es suivantes sont collect\u00e9es<\/p><p><ul><li>Un pr\u00e9nom et un nom<\/li><li>Une adresse personnelle ou autre adresse physique, y compris le nom de la rue et le nom d&#039;une ville ou d&#039;un village<\/li><li>Une adresse e-mail<\/li><li>Un num\u00e9ro de t\u00e9l\u00e9phone<\/li><\/ul><\/p><p class=\"cmplz-subtitle\">Dur\u00e9e de conservation<\/p><p>Nous d\u00e9terminons la dur\u00e9e de conservation selon des crit\u00e8res objectifs fix\u00e9s : For appointments, data is kept in accordance with the rules applicable to the profession. For other requests, data is kept for a maximum of 12 months.<\/p><\/details><details class=\"cmplz-dropdown dropdown-privacy-statement\"><summary><div><h3>1.2 Compilation et analyse de statistiques pour l&#039;am\u00e9lioration du site Web.<\/h3><\/div><\/summary><p class=\"cmplz-subtitle\">Les cat\u00e9gories de donn\u00e9es suivantes sont collect\u00e9es<\/p><p><ul><li>Adresse IP<\/li><li>Informations sur l&#039;activit\u00e9 Internet, y compris, mais sans s&#039;y limiter, l&#039;historique de navigation, l&#039;historique de recherche et les informations concernant l&#039;interaction d&#039;un consommateur avec un site Web, une application ou une publicit\u00e9 Internet<\/li><li>Donn\u00e9es de g\u00e9olocalisation<\/li><\/ul><\/p><p class=\"cmplz-subtitle\">Dur\u00e9e de conservation<\/p><p>Nous conservons ces donn\u00e9es jusqu'\u00e0 la fin du service.<\/p><\/details><details class=\"cmplz-dropdown dropdown-privacy-statement\"><summary><div><h3>1.3 Pour pouvoir proposer des produits et services personnalis\u00e9s<\/h3><\/div><\/summary><p class=\"cmplz-subtitle\">Les cat\u00e9gories de donn\u00e9es suivantes sont collect\u00e9es<\/p><p><ul><li>Un pr\u00e9nom et un nom<\/li><li>Une adresse personnelle ou autre adresse physique, y compris le nom de la rue et le nom d&#039;une ville ou d&#039;un village<\/li><li>Une adresse e-mail<\/li><li>Un num\u00e9ro de t\u00e9l\u00e9phone<\/li><li>Donn\u00e9es de g\u00e9olocalisation<\/li><\/ul><\/p><p class=\"cmplz-subtitle\">Dur\u00e9e de conservation<\/p><p>Nous d\u00e9terminons la dur\u00e9e de conservation selon des crit\u00e8res objectifs fix\u00e9s : The data is stored in accordance with the rules applicable to the profession.<\/p><\/details><h2>2. Partage avec d&#039;autres parties<\/h2><p>Nous partageons ou divulguons ces donn\u00e9es \u00e0 d\u2019autres destinataires uniquement aux fins suivantes\u00a0:<\/p><h2>3. Pratiques de divulgation<\/h2><p><p>Nous divulguons des renseignements personnels si la loi ou une ordonnance d\u2019un tribunal nous y oblige, en r\u00e9ponse \u00e0 un organisme charg\u00e9 de l\u2019application de la loi, dans la mesure permise par d\u2019autres dispositions de la loi, pour fournir des renseignements ou pour une enqu\u00eate sur une question li\u00e9e \u00e0 la s\u00e9curit\u00e9 publique.<\/p><p>Si notre site Web ou notre organisation est repris, vendu ou impliqu\u00e9 dans une fusion ou une acquisition, vos coordonn\u00e9es peuvent \u00eatre divulgu\u00e9es \u00e0 nos conseillers et \u00e0 tout acheteur potentiel et seront transmises aux nouveaux propri\u00e9taires.<\/p><\/p><h2>4. Comment nous r\u00e9pondons aux signaux Ne pas me pister &amp; Contr\u00f4le global de confidentialit\u00e9<\/h2><p>Notre site Web r\u00e9pond et prend en charge le champ de demande d'en-t\u00eate Do Not Track (DNT). Si vous activez DNT dans votre navigateur, ces pr\u00e9f\u00e9rences nous sont communiqu\u00e9es dans l'en-t\u00eate de la requ\u00eate HTTP et nous ne suivrons pas votre comportement de navigation.<\/p><h2>5. Cookies<\/h2><p>Notre site Web utilise des cookies. Pour plus d'informations sur les cookies, veuillez consulter notre politique relative aux cookies sur notre page Web <a href=\"https:\/\/www.cpsc-peyo.org\/fr\/politique-de-cookies-ca\/\">Politique de cookies (CA)<\/a>.&nbsp;<\/p><h2>6. S\u00e9curit\u00e9<\/h2><p>Nous nous engageons \u00e0 assurer la s\u00e9curit\u00e9 des donn\u00e9es personnelles. Nous prenons des mesures de s\u00e9curit\u00e9 appropri\u00e9es pour limiter les abus et les acc\u00e8s non autoris\u00e9s aux donn\u00e9es personnelles. Cela garantit que seules les personnes n\u00e9cessaires ont acc\u00e8s \u00e0 vos donn\u00e9es, que l'acc\u00e8s aux donn\u00e9es est prot\u00e9g\u00e9 et que nos mesures de s\u00e9curit\u00e9 sont r\u00e9guli\u00e8rement revues.<\/p><h2>7. Sites Web tiers<\/h2><p>Cette d\u00e9claration de confidentialit\u00e9 ne s'applique pas aux sites Web tiers connect\u00e9s par des liens sur notre site Web. Nous ne pouvons pas garantir que ces tiers traitent vos donn\u00e9es personnelles de mani\u00e8re fiable ou s\u00e9curis\u00e9e. Nous vous recommandons de lire les d\u00e9clarations de confidentialit\u00e9 de ces sites Web avant de les utiliser.<\/p><h2>8. Modifications de la pr\u00e9sente d\u00e9claration de confidentialit\u00e9<\/h2><p>Nous nous r\u00e9servons le droit d'apporter des modifications \u00e0 la pr\u00e9sente d\u00e9claration de confidentialit\u00e9. Il est recommand\u00e9 de consulter r\u00e9guli\u00e8rement la pr\u00e9sente d\u00e9claration de confidentialit\u00e9 afin de prendre connaissance de tout changement. En outre, nous vous informerons activement dans la mesure du possible.<\/p><h2>9. Acc\u00e9der et modifier vos donn\u00e9es<\/h2><p>Si vous avez des questions ou souhaitez savoir quelles donn\u00e9es personnelles nous d\u00e9tenons \u00e0 votre sujet, veuillez nous contacter. Veillez \u00e0 toujours indiquer clairement qui vous \u00eates, afin que nous puissions \u00eatre certains de ne pas modifier ou supprimer les donn\u00e9es de la mauvaise personne. Nous ne fournirons les informations demand\u00e9es qu'apr\u00e8s r\u00e9ception d'une demande v\u00e9rifiable du consommateur. Vous pouvez nous contacter en utilisant les informations ci-dessous.<\/p><p class=\"cmplz-subtitle\">9.1 Vous disposez des droits suivants concernant vos donn\u00e9es personnelles<\/p><ol class=\"alphabetic\">\n                        <li>Vous pouvez soumettre une demande d\u2019acc\u00e8s aux donn\u00e9es que nous traitons \u00e0 votre sujet.<\/li>\n                        <li>Vous pouvez demander un aper\u00e7u, dans un format couramment utilis\u00e9, des donn\u00e9es que nous traitons \u00e0 votre sujet.<\/li>\n                        <li>Vous pouvez demander la rectification ou la suppression des donn\u00e9es si elles sont inexactes ou non ou plus pertinentes. Le cas \u00e9ch\u00e9ant, les informations modifi\u00e9es seront transmises aux tiers ayant acc\u00e8s aux informations en question.<\/li>\n                        <li>Vous avez le droit de retirer votre consentement \u00e0 tout moment, sous r\u00e9serve de restrictions l\u00e9gales ou contractuelles et d'un pr\u00e9avis raisonnable. Vous serez inform\u00e9 des cons\u00e9quences d'un tel retrait.<\/li>\n                        <li>Vous avez le droit de d\u00e9poser une plainte concernant le non-respect de la LPRPDE aupr\u00e8s de notre organisation et, si le probl\u00e8me n\u2019est pas r\u00e9solu, aupr\u00e8s du Commissariat \u00e0 la protection de la vie priv\u00e9e du Canada.<\/li>\n                        <li>Nous donnerons acc\u00e8s aux renseignements personnels dans un format alternatif \u00e0 une personne ayant une d\u00e9ficience sensorielle qui a un droit d\u2019acc\u00e8s aux renseignements personnels en vertu de la LPRPDE et qui demande que ces renseignements lui soient transmis dans le format alternatif si (a) une version des renseignements existe d\u00e9j\u00e0 dans ce format; ou (b) leur conversion dans ce format est raisonnable et n\u00e9cessaire pour que la personne puisse exercer ses droits.<\/li>\n                      <\/ol><h2>10. Enfants<\/h2><p>Notre site Internet n'est pas con\u00e7u pour attirer les enfants et nous n'avons pas l'intention de collecter des donn\u00e9es personnelles aupr\u00e8s d'enfants n'ayant pas atteint l'\u00e2ge de consentement dans leur pays de r\u00e9sidence. Nous demandons donc aux enfants n'ayant pas atteint l'\u00e2ge de consentement de ne nous communiquer aucune donn\u00e9e personnelle.<\/p><h2>11. Coordonn\u00e9es<\/h2><p>CPS PEYO<br \/>\n        469 Ogilvy Montr\u00e9al, Qu\u00e9bec, H3N 1M7<br \/>\n        Canada<br \/>\n        Site web: <a href=\"https:\/\/www.cpsc-peyo.org\/fr\/\">https:\/\/www.cpsc-peyo.org\/fr\/<\/a> <br \/>\n        Courriel : <span class=\"cmplz-obfuscate\">p&#101;&#100;i&#097;tr&#105;e@<span class=\"cmplz-fmail-domain\">&#101;&#120;&#046;c&#111;&#109;<\/span>&#112;&#101;&#121;&#111;&#046;o&#114;g<\/span> <br \/>\n        <br \/>\n        Num\u00e9ro de t\u00e9l\u00e9phone: 5142787396<\/p><p>Nous avons d\u00e9sign\u00e9 une personne-ressource pour les politiques et pratiques de l\u2019organisation et \u00e0 qui les plaintes ou demandes de renseignements peuvent \u00eatre transmises :<br \/>Jo-An Audrey Jette<br \/>469 Ogilvy Montr\u00e9al, Qu\u00e9bec, H3N 1M7<\/p><\/div><\/div>\n\t\t\t\t\t\t<\/div>\n\t\t\t\t<\/div>\n\t\t\t\t<\/div>\n\t\t\t\t<\/div>\n\t\t","protected":false},"excerpt":{"rendered":"<p>D\u00e9claration de confidentialit\u00e9 (CA)<\/p>\n","protected":false},"author":1,"featured_media":3776,"parent":0,"menu_order":0,"comment_status":"closed","ping_status":"closed","template":"","meta":{"footnotes":""},"class_list":["post-3280","page","type-page","status-publish","has-post-thumbnail","hentry"],"_links":{"self":[{"href":"https:\/\/www.cpsc-peyo.org\/fr\/wp-json\/wp\/v2\/pages\/3280","targetHints":{"allow":["GET"]}}],"collection":[{"href":"https:\/\/www.cpsc-peyo.org\/fr\/wp-json\/wp\/v2\/pages"}],"about":[{"href":"https:\/\/www.cpsc-peyo.org\/fr\/wp-json\/wp\/v2\/types\/page"}],"author":[{"embeddable":true,"href":"https:\/\/www.cpsc-peyo.org\/fr\/wp-json\/wp\/v2\/users\/1"}],"replies":[{"embeddable":true,"href":"https:\/\/www.cpsc-peyo.org\/fr\/wp-json\/wp\/v2\/comments?post=3280"}],"version-history":[{"count":1,"href":"https:\/\/www.cpsc-peyo.org\/fr\/wp-json\/wp\/v2\/pages\/3280\/revisions"}],"predecessor-version":[{"id":3791,"href":"https:\/\/www.cpsc-peyo.org\/fr\/wp-json\/wp\/v2\/pages\/3280\/revisions\/3791"}],"wp:featuredmedia":[{"embeddable":true,"href":"https:\/\/www.cpsc-peyo.org\/fr\/wp-json\/wp\/v2\/media\/3776"}],"wp:attachment":[{"href":"https:\/\/www.cpsc-peyo.org\/fr\/wp-json\/wp\/v2\/media?parent=3280"}],"curies":[{"name":"wp","href":"https:\/\/api.w.org\/{rel}","templated":true}]}}